{"id":41,"date":"2021-04-27T13:23:33","date_gmt":"2021-04-27T13:23:33","guid":{"rendered":"https:\/\/neshio.de\/?page_id=41"},"modified":"2023-07-31T05:38:04","modified_gmt":"2023-07-31T05:38:04","slug":"impressum","status":"publish","type":"page","link":"https:\/\/neshio.de\/pt\/impressao\/","title":{"rendered":"Impress\u00e3o"},"content":{"rendered":"<p><strong>Declara\u00e7\u00e3o de exonera\u00e7\u00e3o de responsabilidade<br><\/strong>Os conte\u00fados deste s\u00edtio web s\u00e3o criados com o maior cuidado poss\u00edvel. No entanto, a Laduti n\u00e3o assume qualquer responsabilidade pela corre\u00e7\u00e3o, integridade e atualidade dos conte\u00fados disponibilizados. A utiliza\u00e7\u00e3o dos conte\u00fados do site \u00e9 feita por conta e risco do utilizador.<\/p>\n\n\n\n<p>1. liga\u00e7\u00f5es externas:<br>No caso de liga\u00e7\u00f5es externas a s\u00edtios Web de terceiros (\"liga\u00e7\u00f5es externas\"), estes s\u00edtios Web est\u00e3o sujeitos \u00e0 responsabilidade dos respectivos operadores. Aquando da cria\u00e7\u00e3o das liga\u00e7\u00f5es externas, o fornecedor verificou a exist\u00eancia de viola\u00e7\u00f5es da lei nos conte\u00fados externos. Nessa altura, n\u00e3o foram detectadas quaisquer viola\u00e7\u00f5es da lei. O fornecedor n\u00e3o tem qualquer influ\u00eancia sobre a conce\u00e7\u00e3o e os conte\u00fados actuais e futuros das p\u00e1ginas ligadas. A inclus\u00e3o de liga\u00e7\u00f5es externas n\u00e3o implica que o fornecedor adopte como seu o conte\u00fado subjacente \u00e0 refer\u00eancia ou liga\u00e7\u00e3o. N\u00e3o \u00e9 razo\u00e1vel que o fornecedor monitorize constantemente os links externos sem indica\u00e7\u00f5es concretas de viola\u00e7\u00f5es legais. No entanto, se forem conhecidas viola\u00e7\u00f5es da lei, essas liga\u00e7\u00f5es externas ser\u00e3o imediatamente eliminadas.<\/p>\n\n\n\n<p>2. direitos de autor e direitos conexos | \u00a9 copyright:<br>Os conte\u00fados publicados neste s\u00edtio Web est\u00e3o sujeitos \u00e0 legisla\u00e7\u00e3o alem\u00e3 em mat\u00e9ria de direitos de autor e direitos conexos. Qualquer utiliza\u00e7\u00e3o n\u00e3o permitida pela legisla\u00e7\u00e3o alem\u00e3 sobre direitos de autor e direitos conexos requer o consentimento pr\u00e9vio por escrito do fornecedor ou do respetivo detentor dos direitos. Isto aplica-se, em particular, \u00e0 c\u00f3pia, edi\u00e7\u00e3o, tradu\u00e7\u00e3o, armazenamento, processamento ou reprodu\u00e7\u00e3o de conte\u00fados em bases de dados ou outros meios e sistemas electr\u00f3nicos. A reprodu\u00e7\u00e3o ou transmiss\u00e3o n\u00e3o autorizada de conte\u00fados individuais ou p\u00e1ginas completas n\u00e3o \u00e9 permitida e \u00e9 pun\u00edvel por lei. Apenas \u00e9 permitida a produ\u00e7\u00e3o de c\u00f3pias e descarregamentos para uso pessoal, privado e n\u00e3o comercial. A apresenta\u00e7\u00e3o deste s\u00edtio Web em molduras externas s\u00f3 \u00e9 permitida mediante autoriza\u00e7\u00e3o por escrito.<\/p>\n\n\n\n<p>3. prote\u00e7\u00e3o de dados<br>Ao visitar o s\u00edtio Web do prestador, podem ser armazenadas informa\u00e7\u00f5es sobre o acesso (data, hora, p\u00e1gina visualizada). Estes dados n\u00e3o pertencem aos dados pessoais, mas s\u00e3o an\u00f3nimos. S\u00e3o avaliados exclusivamente para fins estat\u00edsticos. N\u00e3o s\u00e3o transmitidos a terceiros para fins comerciais ou n\u00e3o comerciais. O prestador chama expressamente a aten\u00e7\u00e3o para o facto de a transmiss\u00e3o de dados na Internet (por exemplo, comunica\u00e7\u00e3o por correio eletr\u00f3nico) estar sujeita a falhas de seguran\u00e7a e n\u00e3o poder ser totalmente protegida contra o acesso de terceiros.<\/p>\n\n\n\n<p>A utiliza\u00e7\u00e3o dos dados de contacto da impress\u00e3o para publicidade comercial n\u00e3o \u00e9 expressamente desejada, a menos que o fornecedor tenha dado previamente o seu consentimento por escrito ou que j\u00e1 exista uma rela\u00e7\u00e3o comercial. O fornecedor e todas as pessoas mencionadas neste s\u00edtio Web op\u00f5em-se a qualquer utiliza\u00e7\u00e3o comercial e divulga\u00e7\u00e3o dos seus dados.<\/p>\n\n\n\n<p>4. condi\u00e7\u00f5es especiais de utiliza\u00e7\u00e3o<br>Se as condi\u00e7\u00f5es especiais para utiliza\u00e7\u00f5es individuais deste s\u00edtio Web se desviarem dos n\u00fameros 1 a 4 acima referidos, tal ser\u00e1 expressamente indicado no local apropriado. Neste caso, as condi\u00e7\u00f5es especiais de utiliza\u00e7\u00e3o aplicar-se-\u00e3o no respetivo caso individual.<\/p>\n\n\n\n<p>Neshio \u00e9 uma marca da:<\/p>\n\n\n\n<p>Fadime Guel | 81735 Munique | Alemanha<br>Email: info@neshio.de<\/p>\n\n\n\n<p><\/p>\n\n\n\n<p><strong>Resolu\u00e7\u00e3o alternativa de lit\u00edgios:<\/strong><\/p>\n\n\n\n<p>A Comiss\u00e3o Europeia disponibiliza uma plataforma para a resolu\u00e7\u00e3o extrajudicial de lit\u00edgios em linha (plataforma RLL), que pode ser acedida em&nbsp;<a href=\"https:\/\/ec.europa.eu\/odr\" target=\"_blank\" rel=\"noreferrer noopener\">https:\/\/ec.europa.eu\/odr<\/a>.<\/p>\n\n\n\n<p>N.\u00ba de identifica\u00e7\u00e3o IVA: DE308046984<\/p>","protected":false},"excerpt":{"rendered":"<p>HaftungsausschlussDie Inhalte dieser Website werden mit gr\u00f6\u00dftm\u00f6glicher Sorgfalt erstellt. Laduti \u00fcbernimmt jedoch keine Gew\u00e4hr f\u00fcr die Richtigkeit, Vollst\u00e4ndigkeit und Aktualit\u00e4t [&hellip;]<\/p>\n","protected":false},"author":1,"featured_media":0,"parent":0,"menu_order":0,"comment_status":"closed","ping_status":"closed","template":"","meta":{"_acf_changed":false,"_uag_custom_page_level_css":"","site-sidebar-layout":"default","site-content-layout":"default","ast-site-content-layout":"default","site-content-style":"default","site-sidebar-style":"default","ast-global-header-display":"","ast-banner-title-visibility":"","ast-main-header-display":"","ast-hfb-above-header-display":"","ast-hfb-below-header-display":"","ast-hfb-mobile-header-display":"","site-post-title":"","ast-breadcrumbs-content":"","ast-featured-img":"","footer-sml-layout":"","ast-disable-related-posts":"","theme-transparent-header-meta":"default","adv-header-id-meta":"","stick-header-meta":"default","header-above-stick-meta":"","header-main-stick-meta":"","header-below-stick-meta":"","astra-migrate-meta-layouts":"default","ast-page-background-enabled":"default","ast-page-background-meta":{"desktop":{"background-color":"","background-image":"","background-repeat":"repeat","background-position":"center center","background-size":"auto","background-attachment":"scroll","background-type":"","background-media":"","overlay-type":"","overlay-color":"","overlay-opacity":"","overlay-gradient":""},"tablet":{"background-color":"","background-image":"","background-repeat":"repeat","background-position":"center center","background-size":"auto","background-attachment":"scroll","background-type":"","background-media":"","overlay-type":"","overlay-color":"","overlay-opacity":"","overlay-gradient":""},"mobile":{"background-color":"","background-image":"","background-repeat":"repeat","background-position":"center center","background-size":"auto","background-attachment":"scroll","background-type":"","background-media":"","overlay-type":"","overlay-color":"","overlay-opacity":"","overlay-gradient":""}},"ast-content-background-meta":{"desktop":{"background-color":"var(--ast-global-color-5)","background-image":"","background-repeat":"repeat","background-position":"center center","background-size":"auto","background-attachment":"scroll","background-type":"","background-media":"","overlay-type":"","overlay-color":"","overlay-opacity":"","overlay-gradient":""},"tablet":{"background-color":"var(--ast-global-color-5)","background-image":"","background-repeat":"repeat","background-position":"center center","background-size":"auto","background-attachment":"scroll","background-type":"","background-media":"","overlay-type":"","overlay-color":"","overlay-opacity":"","overlay-gradient":""},"mobile":{"background-color":"var(--ast-global-color-5)","background-image":"","background-repeat":"repeat","background-position":"center center","background-size":"auto","background-attachment":"scroll","background-type":"","background-media":"","overlay-type":"","overlay-color":"","overlay-opacity":"","overlay-gradient":""}},"footnotes":""},"class_list":["post-41","page","type-page","status-publish","hentry"],"acf":[],"yoast_head":"<!-- This site is optimized with the Yoast SEO Premium plugin v20.12 (Yoast SEO v27.3) - https:\/\/yoast.com\/product\/yoast-seo-premium-wordpress\/ -->\n<title>Impressum - NESHIO<\/title>\n<meta name=\"robots\" content=\"noindex, nofollow\" \/>\n<meta property=\"og:locale\" content=\"pt_PT\" \/>\n<meta property=\"og:type\" content=\"article\" \/>\n<meta property=\"og:title\" content=\"Impressum\" \/>\n<meta property=\"og:description\" content=\"HaftungsausschlussDie Inhalte dieser Website werden mit gr\u00f6\u00dftm\u00f6glicher Sorgfalt erstellt. Laduti \u00fcbernimmt jedoch keine Gew\u00e4hr f\u00fcr die Richtigkeit, Vollst\u00e4ndigkeit und Aktualit\u00e4t [&hellip;]\" \/>\n<meta property=\"og:url\" content=\"https:\/\/neshio.de\/pt\/impressao\/\" \/>\n<meta property=\"og:site_name\" content=\"NESHIO\" \/>\n<meta property=\"article:publisher\" content=\"https:\/\/www.facebook.com\/Neshio.Official\" \/>\n<meta property=\"article:modified_time\" content=\"2023-07-31T05:38:04+00:00\" \/>\n<meta name=\"twitter:card\" content=\"summary_large_image\" \/>\n<meta name=\"twitter:label1\" content=\"Tempo estimado de leitura\" \/>\n\t<meta name=\"twitter:data1\" content=\"3 minutos\" \/>\n<script type=\"application\/ld+json\" class=\"yoast-schema-graph\">{\"@context\":\"https:\\\/\\\/schema.org\",\"@graph\":[{\"@type\":\"WebPage\",\"@id\":\"https:\\\/\\\/neshio.de\\\/impressum\\\/\",\"url\":\"https:\\\/\\\/neshio.de\\\/impressum\\\/\",\"name\":\"Impressum - NESHIO\",\"isPartOf\":{\"@id\":\"https:\\\/\\\/neshio.de\\\/#website\"},\"datePublished\":\"2021-04-27T13:23:33+00:00\",\"dateModified\":\"2023-07-31T05:38:04+00:00\",\"breadcrumb\":{\"@id\":\"https:\\\/\\\/neshio.de\\\/impressum\\\/#breadcrumb\"},\"inLanguage\":\"pt-PT\",\"potentialAction\":[{\"@type\":\"ReadAction\",\"target\":[\"https:\\\/\\\/neshio.de\\\/impressum\\\/\"]}]},{\"@type\":\"BreadcrumbList\",\"@id\":\"https:\\\/\\\/neshio.de\\\/impressum\\\/#breadcrumb\",\"itemListElement\":[{\"@type\":\"ListItem\",\"position\":1,\"name\":\"NESHIO\",\"item\":\"https:\\\/\\\/neshio.de\\\/\"},{\"@type\":\"ListItem\",\"position\":2,\"name\":\"Impressum\"}]},{\"@type\":\"WebSite\",\"@id\":\"https:\\\/\\\/neshio.de\\\/#website\",\"url\":\"https:\\\/\\\/neshio.de\\\/\",\"name\":\"NESHIO\",\"description\":\"Beauty und Gesundheit\",\"publisher\":{\"@id\":\"https:\\\/\\\/neshio.de\\\/#organization\"},\"potentialAction\":[{\"@type\":\"SearchAction\",\"target\":{\"@type\":\"EntryPoint\",\"urlTemplate\":\"https:\\\/\\\/neshio.de\\\/?s={search_term_string}\"},\"query-input\":{\"@type\":\"PropertyValueSpecification\",\"valueRequired\":true,\"valueName\":\"search_term_string\"}}],\"inLanguage\":\"pt-PT\"},{\"@type\":\"Organization\",\"@id\":\"https:\\\/\\\/neshio.de\\\/#organization\",\"name\":\"NESHIO\",\"url\":\"https:\\\/\\\/neshio.de\\\/\",\"logo\":{\"@type\":\"ImageObject\",\"inLanguage\":\"pt-PT\",\"@id\":\"https:\\\/\\\/neshio.de\\\/#\\\/schema\\\/logo\\\/image\\\/\",\"url\":\"https:\\\/\\\/neshio.de\\\/wp-content\\\/uploads\\\/2021\\\/04\\\/Neshio-Logo.png\",\"contentUrl\":\"https:\\\/\\\/neshio.de\\\/wp-content\\\/uploads\\\/2021\\\/04\\\/Neshio-Logo.png\",\"width\":247,\"height\":46,\"caption\":\"NESHIO\"},\"image\":{\"@id\":\"https:\\\/\\\/neshio.de\\\/#\\\/schema\\\/logo\\\/image\\\/\"},\"sameAs\":[\"https:\\\/\\\/www.facebook.com\\\/Neshio.Official\",\"https:\\\/\\\/www.instagram.com\\\/neshio_official\\\/\"]}]}<\/script>\n<!-- \/ Yoast SEO Premium plugin. -->","yoast_head_json":{"title":"Impress\u00e3o - NESHIO","robots":{"index":"noindex","follow":"nofollow"},"og_locale":"pt_PT","og_type":"article","og_title":"Impressum","og_description":"HaftungsausschlussDie Inhalte dieser Website werden mit gr\u00f6\u00dftm\u00f6glicher Sorgfalt erstellt. Laduti \u00fcbernimmt jedoch keine Gew\u00e4hr f\u00fcr die Richtigkeit, Vollst\u00e4ndigkeit und Aktualit\u00e4t [&hellip;]","og_url":"https:\/\/neshio.de\/pt\/impressao\/","og_site_name":"NESHIO","article_publisher":"https:\/\/www.facebook.com\/Neshio.Official","article_modified_time":"2023-07-31T05:38:04+00:00","twitter_card":"summary_large_image","twitter_misc":{"Tempo estimado de leitura":"3 minutos"},"schema":{"@context":"https:\/\/schema.org","@graph":[{"@type":"WebPage","@id":"https:\/\/neshio.de\/impressum\/","url":"https:\/\/neshio.de\/impressum\/","name":"Impress\u00e3o - NESHIO","isPartOf":{"@id":"https:\/\/neshio.de\/#website"},"datePublished":"2021-04-27T13:23:33+00:00","dateModified":"2023-07-31T05:38:04+00:00","breadcrumb":{"@id":"https:\/\/neshio.de\/impressum\/#breadcrumb"},"inLanguage":"pt-PT","potentialAction":[{"@type":"ReadAction","target":["https:\/\/neshio.de\/impressum\/"]}]},{"@type":"BreadcrumbList","@id":"https:\/\/neshio.de\/impressum\/#breadcrumb","itemListElement":[{"@type":"ListItem","position":1,"name":"NESHIO","item":"https:\/\/neshio.de\/"},{"@type":"ListItem","position":2,"name":"Impressum"}]},{"@type":"WebSite","@id":"https:\/\/neshio.de\/#website","url":"https:\/\/neshio.de\/","name":"NESHIO","description":"Beleza e sa\u00fade","publisher":{"@id":"https:\/\/neshio.de\/#organization"},"potentialAction":[{"@type":"SearchAction","target":{"@type":"EntryPoint","urlTemplate":"https:\/\/neshio.de\/?s={search_term_string}"},"query-input":{"@type":"PropertyValueSpecification","valueRequired":true,"valueName":"search_term_string"}}],"inLanguage":"pt-PT"},{"@type":"Organization","@id":"https:\/\/neshio.de\/#organization","name":"NESHIO","url":"https:\/\/neshio.de\/","logo":{"@type":"ImageObject","inLanguage":"pt-PT","@id":"https:\/\/neshio.de\/#\/schema\/logo\/image\/","url":"https:\/\/neshio.de\/wp-content\/uploads\/2021\/04\/Neshio-Logo.png","contentUrl":"https:\/\/neshio.de\/wp-content\/uploads\/2021\/04\/Neshio-Logo.png","width":247,"height":46,"caption":"NESHIO"},"image":{"@id":"https:\/\/neshio.de\/#\/schema\/logo\/image\/"},"sameAs":["https:\/\/www.facebook.com\/Neshio.Official","https:\/\/www.instagram.com\/neshio_official\/"]}]}},"uagb_featured_image_src":{"full":false,"thumbnail":false,"medium":false,"medium_large":false,"large":false,"1536x1536":false,"2048x2048":false,"trp-custom-language-flag":false},"uagb_author_info":{"display_name":"Neshio","author_link":"https:\/\/neshio.de\/pt\/author\/kerem085\/"},"uagb_comment_info":0,"uagb_excerpt":"HaftungsausschlussDie Inhalte dieser Website werden mit gr\u00f6\u00dftm\u00f6glicher Sorgfalt erstellt. Laduti \u00fcbernimmt jedoch keine Gew\u00e4hr f\u00fcr die Richtigkeit, Vollst\u00e4ndigkeit und Aktualit\u00e4t [&hellip;]","_links":{"self":[{"href":"https:\/\/neshio.de\/pt\/wp-json\/wp\/v2\/pages\/41","targetHints":{"allow":["GET"]}}],"collection":[{"href":"https:\/\/neshio.de\/pt\/wp-json\/wp\/v2\/pages"}],"about":[{"href":"https:\/\/neshio.de\/pt\/wp-json\/wp\/v2\/types\/page"}],"author":[{"embeddable":true,"href":"https:\/\/neshio.de\/pt\/wp-json\/wp\/v2\/users\/1"}],"replies":[{"embeddable":true,"href":"https:\/\/neshio.de\/pt\/wp-json\/wp\/v2\/comments?post=41"}],"version-history":[{"count":6,"href":"https:\/\/neshio.de\/pt\/wp-json\/wp\/v2\/pages\/41\/revisions"}],"predecessor-version":[{"id":420,"href":"https:\/\/neshio.de\/pt\/wp-json\/wp\/v2\/pages\/41\/revisions\/420"}],"wp:attachment":[{"href":"https:\/\/neshio.de\/pt\/wp-json\/wp\/v2\/media?parent=41"}],"curies":[{"name":"wp","href":"https:\/\/api.w.org\/{rel}","templated":true}]}}