{"id":41,"date":"2021-04-27T13:23:33","date_gmt":"2021-04-27T13:23:33","guid":{"rendered":"https:\/\/neshio.de\/?page_id=41"},"modified":"2023-07-31T05:38:04","modified_gmt":"2023-07-31T05:38:04","slug":"impressum","status":"publish","type":"page","link":"https:\/\/neshio.de\/nl\/opdruk\/","title":{"rendered":"Afdruk"},"content":{"rendered":"<p><strong>Disclaimer<br><\/strong>De inhoud van deze website is met de grootst mogelijke zorgvuldigheid samengesteld. Laduti aanvaardt echter geen aansprakelijkheid voor de juistheid, volledigheid en actualiteit van de aangeboden inhoud. Het gebruik van de inhoud van de website is voor eigen risico van de gebruiker.<\/p>\n\n\n\n<p>1. externe links:<br>In het geval van externe links naar websites van derden (\"externe links\"), zijn deze websites onderworpen aan de aansprakelijkheid van de respectieve exploitanten. Toen de externe links voor het eerst werden gemaakt, heeft de aanbieder de externe inhoud gecontroleerd op eventuele wetsovertredingen. Op dat moment waren er geen wettelijke overtredingen zichtbaar. De aanbieder heeft geen invloed op de huidige en toekomstige vormgeving en inhoud van de gelinkte pagina's. Het opnemen van externe links betekent niet dat de aanbieder de inhoud achter de verwijzing of link als zijn eigen inhoud overneemt. Het is niet redelijk voor de aanbieder om de externe links voortdurend te controleren zonder concrete aanwijzingen van wetsovertredingen. Als er echter wetsovertredingen bekend worden, worden dergelijke externe links onmiddellijk verwijderd.<\/p>\n\n\n\n<p>2. auteursrecht en bijkomend auteursrecht | \u00a9 auteursrecht:<br>De op deze website gepubliceerde inhoud is onderworpen aan het Duitse auteursrecht en aanverwante wetgeving. Voor elk gebruik dat niet is toegestaan volgens het Duitse auteurs- en aanverwante recht is de voorafgaande schriftelijke toestemming van de aanbieder of de respectieve rechthebbende vereist. Dit geldt in het bijzonder voor het kopi\u00ebren, bewerken, vertalen, opslaan, verwerken of reproduceren van inhoud in databases of andere elektronische media en systemen. Ongeoorloofde reproductie of overdracht van afzonderlijke inhoud of volledige pagina's is niet toegestaan en strafbaar. Alleen de productie van kopie\u00ebn en downloads voor persoonlijk, priv\u00e9- en niet-commercieel gebruik is toegestaan. De weergave van deze website in externe frames is alleen toegestaan met schriftelijke toestemming.<\/p>\n\n\n\n<p>3. gegevensbescherming<br>Bij een bezoek aan de website van de aanbieder kan informatie over de toegang (datum, tijd, bekeken pagina) worden opgeslagen. Deze gegevens behoren niet tot persoonsgegevens, maar zijn geanonimiseerd. Ze worden uitsluitend voor statistische doeleinden ge\u00ebvalueerd. Ze worden niet doorgegeven aan derden voor commerci\u00eble of niet-commerci\u00eble doeleinden. De aanbieder wijst er uitdrukkelijk op dat de gegevensoverdracht op internet (bijv. communicatie per e-mail) onderhevig is aan veiligheidslekken en niet volledig kan worden beschermd tegen toegang door derden.<\/p>\n\n\n\n<p>Het gebruik van de contactgegevens in het impressum voor commerci\u00eble reclame is uitdrukkelijk niet gewenst, tenzij de aanbieder vooraf schriftelijke toestemming heeft gegeven of er al een zakelijke relatie bestaat. De aanbieder en alle op deze website genoemde personen maken hierbij bezwaar tegen elk commercieel gebruik en openbaarmaking van hun gegevens.<\/p>\n\n\n\n<p>4. speciale gebruiksvoorwaarden<br>Voor zover bijzondere voorwaarden voor individueel gebruik van deze website afwijken van de bovengenoemde nummers 1. tot en met 4., wordt dit uitdrukkelijk aangegeven op de betreffende plaats. In dat geval gelden de speciale gebruiksvoorwaarden voor het betreffende individuele geval.<\/p>\n\n\n\n<p>Neshio is een merk van de:<\/p>\n\n\n\n<p>Fadime Guel | 81735 M\u00fcnchen | Duitsland<br>Email: info@neshio.de<\/p>\n\n\n\n<p><\/p>\n\n\n\n<p><strong>Alternatieve geschillenbeslechting:<\/strong><\/p>\n\n\n\n<p>De Europese Commissie biedt een platform voor buitengerechtelijke online geschillenbeslechting (ODR-platform), dat toegankelijk is op&nbsp;<a href=\"https:\/\/ec.europa.eu\/odr\" target=\"_blank\" rel=\"noreferrer noopener\">https:\/\/ec.europa.eu\/odr<\/a>.<\/p>\n\n\n\n<p>BTW-nummer: DE308046984<\/p>","protected":false},"excerpt":{"rendered":"<p>HaftungsausschlussDie Inhalte dieser Website werden mit gr\u00f6\u00dftm\u00f6glicher Sorgfalt erstellt. Laduti \u00fcbernimmt jedoch keine Gew\u00e4hr f\u00fcr die Richtigkeit, Vollst\u00e4ndigkeit und Aktualit\u00e4t [&hellip;]<\/p>\n","protected":false},"author":1,"featured_media":0,"parent":0,"menu_order":0,"comment_status":"closed","ping_status":"closed","template":"","meta":{"_acf_changed":false,"_uag_custom_page_level_css":"","site-sidebar-layout":"default","site-content-layout":"default","ast-site-content-layout":"default","site-content-style":"default","site-sidebar-style":"default","ast-global-header-display":"","ast-banner-title-visibility":"","ast-main-header-display":"","ast-hfb-above-header-display":"","ast-hfb-below-header-display":"","ast-hfb-mobile-header-display":"","site-post-title":"","ast-breadcrumbs-content":"","ast-featured-img":"","footer-sml-layout":"","ast-disable-related-posts":"","theme-transparent-header-meta":"default","adv-header-id-meta":"","stick-header-meta":"default","header-above-stick-meta":"","header-main-stick-meta":"","header-below-stick-meta":"","astra-migrate-meta-layouts":"default","ast-page-background-enabled":"default","ast-page-background-meta":{"desktop":{"background-color":"","background-image":"","background-repeat":"repeat","background-position":"center center","background-size":"auto","background-attachment":"scroll","background-type":"","background-media":"","overlay-type":"","overlay-color":"","overlay-opacity":"","overlay-gradient":""},"tablet":{"background-color":"","background-image":"","background-repeat":"repeat","background-position":"center center","background-size":"auto","background-attachment":"scroll","background-type":"","background-media":"","overlay-type":"","overlay-color":"","overlay-opacity":"","overlay-gradient":""},"mobile":{"background-color":"","background-image":"","background-repeat":"repeat","background-position":"center center","background-size":"auto","background-attachment":"scroll","background-type":"","background-media":"","overlay-type":"","overlay-color":"","overlay-opacity":"","overlay-gradient":""}},"ast-content-background-meta":{"desktop":{"background-color":"var(--ast-global-color-5)","background-image":"","background-repeat":"repeat","background-position":"center center","background-size":"auto","background-attachment":"scroll","background-type":"","background-media":"","overlay-type":"","overlay-color":"","overlay-opacity":"","overlay-gradient":""},"tablet":{"background-color":"var(--ast-global-color-5)","background-image":"","background-repeat":"repeat","background-position":"center center","background-size":"auto","background-attachment":"scroll","background-type":"","background-media":"","overlay-type":"","overlay-color":"","overlay-opacity":"","overlay-gradient":""},"mobile":{"background-color":"var(--ast-global-color-5)","background-image":"","background-repeat":"repeat","background-position":"center center","background-size":"auto","background-attachment":"scroll","background-type":"","background-media":"","overlay-type":"","overlay-color":"","overlay-opacity":"","overlay-gradient":""}},"footnotes":""},"class_list":["post-41","page","type-page","status-publish","hentry"],"acf":[],"yoast_head":"<!-- This site is optimized with the Yoast SEO Premium plugin v20.12 (Yoast SEO v27.4) - https:\/\/yoast.com\/product\/yoast-seo-premium-wordpress\/ -->\n<title>Impressum - NESHIO<\/title>\n<meta name=\"robots\" content=\"noindex, nofollow\" \/>\n<meta property=\"og:locale\" content=\"nl_NL\" \/>\n<meta property=\"og:type\" content=\"article\" \/>\n<meta property=\"og:title\" content=\"Impressum\" \/>\n<meta property=\"og:description\" content=\"HaftungsausschlussDie Inhalte dieser Website werden mit gr\u00f6\u00dftm\u00f6glicher Sorgfalt erstellt. Laduti \u00fcbernimmt jedoch keine Gew\u00e4hr f\u00fcr die Richtigkeit, Vollst\u00e4ndigkeit und Aktualit\u00e4t [&hellip;]\" \/>\n<meta property=\"og:url\" content=\"https:\/\/neshio.de\/nl\/opdruk\/\" \/>\n<meta property=\"og:site_name\" content=\"NESHIO\" \/>\n<meta property=\"article:publisher\" content=\"https:\/\/www.facebook.com\/Neshio.Official\" \/>\n<meta property=\"article:modified_time\" content=\"2023-07-31T05:38:04+00:00\" \/>\n<meta name=\"twitter:card\" content=\"summary_large_image\" \/>\n<meta name=\"twitter:label1\" content=\"Geschatte leestijd\" \/>\n\t<meta name=\"twitter:data1\" content=\"3 minuten\" \/>\n<script type=\"application\/ld+json\" class=\"yoast-schema-graph\">{\"@context\":\"https:\\\/\\\/schema.org\",\"@graph\":[{\"@type\":\"WebPage\",\"@id\":\"https:\\\/\\\/neshio.de\\\/impressum\\\/\",\"url\":\"https:\\\/\\\/neshio.de\\\/impressum\\\/\",\"name\":\"Impressum - NESHIO\",\"isPartOf\":{\"@id\":\"https:\\\/\\\/neshio.de\\\/#website\"},\"datePublished\":\"2021-04-27T13:23:33+00:00\",\"dateModified\":\"2023-07-31T05:38:04+00:00\",\"breadcrumb\":{\"@id\":\"https:\\\/\\\/neshio.de\\\/impressum\\\/#breadcrumb\"},\"inLanguage\":\"nl-NL\",\"potentialAction\":[{\"@type\":\"ReadAction\",\"target\":[\"https:\\\/\\\/neshio.de\\\/impressum\\\/\"]}]},{\"@type\":\"BreadcrumbList\",\"@id\":\"https:\\\/\\\/neshio.de\\\/impressum\\\/#breadcrumb\",\"itemListElement\":[{\"@type\":\"ListItem\",\"position\":1,\"name\":\"NESHIO\",\"item\":\"https:\\\/\\\/neshio.de\\\/\"},{\"@type\":\"ListItem\",\"position\":2,\"name\":\"Impressum\"}]},{\"@type\":\"WebSite\",\"@id\":\"https:\\\/\\\/neshio.de\\\/#website\",\"url\":\"https:\\\/\\\/neshio.de\\\/\",\"name\":\"NESHIO\",\"description\":\"Beauty und Gesundheit\",\"publisher\":{\"@id\":\"https:\\\/\\\/neshio.de\\\/#organization\"},\"potentialAction\":[{\"@type\":\"SearchAction\",\"target\":{\"@type\":\"EntryPoint\",\"urlTemplate\":\"https:\\\/\\\/neshio.de\\\/?s={search_term_string}\"},\"query-input\":{\"@type\":\"PropertyValueSpecification\",\"valueRequired\":true,\"valueName\":\"search_term_string\"}}],\"inLanguage\":\"nl-NL\"},{\"@type\":\"Organization\",\"@id\":\"https:\\\/\\\/neshio.de\\\/#organization\",\"name\":\"NESHIO\",\"url\":\"https:\\\/\\\/neshio.de\\\/\",\"logo\":{\"@type\":\"ImageObject\",\"inLanguage\":\"nl-NL\",\"@id\":\"https:\\\/\\\/neshio.de\\\/#\\\/schema\\\/logo\\\/image\\\/\",\"url\":\"https:\\\/\\\/neshio.de\\\/wp-content\\\/uploads\\\/2021\\\/04\\\/Neshio-Logo.png\",\"contentUrl\":\"https:\\\/\\\/neshio.de\\\/wp-content\\\/uploads\\\/2021\\\/04\\\/Neshio-Logo.png\",\"width\":247,\"height\":46,\"caption\":\"NESHIO\"},\"image\":{\"@id\":\"https:\\\/\\\/neshio.de\\\/#\\\/schema\\\/logo\\\/image\\\/\"},\"sameAs\":[\"https:\\\/\\\/www.facebook.com\\\/Neshio.Official\",\"https:\\\/\\\/www.instagram.com\\\/neshio_official\\\/\"]}]}<\/script>\n<!-- \/ Yoast SEO Premium plugin. -->","yoast_head_json":{"title":"Afdruk - NESHIO","robots":{"index":"noindex","follow":"nofollow"},"og_locale":"nl_NL","og_type":"article","og_title":"Impressum","og_description":"HaftungsausschlussDie Inhalte dieser Website werden mit gr\u00f6\u00dftm\u00f6glicher Sorgfalt erstellt. Laduti \u00fcbernimmt jedoch keine Gew\u00e4hr f\u00fcr die Richtigkeit, Vollst\u00e4ndigkeit und Aktualit\u00e4t [&hellip;]","og_url":"https:\/\/neshio.de\/nl\/opdruk\/","og_site_name":"NESHIO","article_publisher":"https:\/\/www.facebook.com\/Neshio.Official","article_modified_time":"2023-07-31T05:38:04+00:00","twitter_card":"summary_large_image","twitter_misc":{"Geschatte leestijd":"3 minuten"},"schema":{"@context":"https:\/\/schema.org","@graph":[{"@type":"WebPage","@id":"https:\/\/neshio.de\/impressum\/","url":"https:\/\/neshio.de\/impressum\/","name":"Afdruk - NESHIO","isPartOf":{"@id":"https:\/\/neshio.de\/#website"},"datePublished":"2021-04-27T13:23:33+00:00","dateModified":"2023-07-31T05:38:04+00:00","breadcrumb":{"@id":"https:\/\/neshio.de\/impressum\/#breadcrumb"},"inLanguage":"nl-NL","potentialAction":[{"@type":"ReadAction","target":["https:\/\/neshio.de\/impressum\/"]}]},{"@type":"BreadcrumbList","@id":"https:\/\/neshio.de\/impressum\/#breadcrumb","itemListElement":[{"@type":"ListItem","position":1,"name":"NESHIO","item":"https:\/\/neshio.de\/"},{"@type":"ListItem","position":2,"name":"Impressum"}]},{"@type":"WebSite","@id":"https:\/\/neshio.de\/#website","url":"https:\/\/neshio.de\/","name":"NESHIO","description":"Schoonheid en gezondheid","publisher":{"@id":"https:\/\/neshio.de\/#organization"},"potentialAction":[{"@type":"SearchAction","target":{"@type":"EntryPoint","urlTemplate":"https:\/\/neshio.de\/?s={search_term_string}"},"query-input":{"@type":"PropertyValueSpecification","valueRequired":true,"valueName":"search_term_string"}}],"inLanguage":"nl-NL"},{"@type":"Organization","@id":"https:\/\/neshio.de\/#organization","name":"NESHIO","url":"https:\/\/neshio.de\/","logo":{"@type":"ImageObject","inLanguage":"nl-NL","@id":"https:\/\/neshio.de\/#\/schema\/logo\/image\/","url":"https:\/\/neshio.de\/wp-content\/uploads\/2021\/04\/Neshio-Logo.png","contentUrl":"https:\/\/neshio.de\/wp-content\/uploads\/2021\/04\/Neshio-Logo.png","width":247,"height":46,"caption":"NESHIO"},"image":{"@id":"https:\/\/neshio.de\/#\/schema\/logo\/image\/"},"sameAs":["https:\/\/www.facebook.com\/Neshio.Official","https:\/\/www.instagram.com\/neshio_official\/"]}]}},"uagb_featured_image_src":{"full":false,"thumbnail":false,"medium":false,"medium_large":false,"large":false,"1536x1536":false,"2048x2048":false,"trp-custom-language-flag":false},"uagb_author_info":{"display_name":"Neshio","author_link":"https:\/\/neshio.de\/nl\/author\/kerem085\/"},"uagb_comment_info":0,"uagb_excerpt":"HaftungsausschlussDie Inhalte dieser Website werden mit gr\u00f6\u00dftm\u00f6glicher Sorgfalt erstellt. Laduti \u00fcbernimmt jedoch keine Gew\u00e4hr f\u00fcr die Richtigkeit, Vollst\u00e4ndigkeit und Aktualit\u00e4t [&hellip;]","_links":{"self":[{"href":"https:\/\/neshio.de\/nl\/wp-json\/wp\/v2\/pages\/41","targetHints":{"allow":["GET"]}}],"collection":[{"href":"https:\/\/neshio.de\/nl\/wp-json\/wp\/v2\/pages"}],"about":[{"href":"https:\/\/neshio.de\/nl\/wp-json\/wp\/v2\/types\/page"}],"author":[{"embeddable":true,"href":"https:\/\/neshio.de\/nl\/wp-json\/wp\/v2\/users\/1"}],"replies":[{"embeddable":true,"href":"https:\/\/neshio.de\/nl\/wp-json\/wp\/v2\/comments?post=41"}],"version-history":[{"count":6,"href":"https:\/\/neshio.de\/nl\/wp-json\/wp\/v2\/pages\/41\/revisions"}],"predecessor-version":[{"id":420,"href":"https:\/\/neshio.de\/nl\/wp-json\/wp\/v2\/pages\/41\/revisions\/420"}],"wp:attachment":[{"href":"https:\/\/neshio.de\/nl\/wp-json\/wp\/v2\/media?parent=41"}],"curies":[{"name":"wp","href":"https:\/\/api.w.org\/{rel}","templated":true}]}}