{"id":41,"date":"2021-04-27T13:23:33","date_gmt":"2021-04-27T13:23:33","guid":{"rendered":"https:\/\/neshio.de\/?page_id=41"},"modified":"2023-07-31T05:38:04","modified_gmt":"2023-07-31T05:38:04","slug":"impressum","status":"publish","type":"page","link":"https:\/\/neshio.de\/et\/jaeljend\/","title":{"rendered":"J\u00e4lg"},"content":{"rendered":"<p><strong>Vastutusn\u00f5ue<br><\/strong>K\u00e4esoleva veebisaidi sisu on koostatud v\u00f5imalikult hoolikalt. Siiski ei v\u00f5ta Laduti vastutust esitatud sisu \u00f5igsuse, t\u00e4ielikkuse ja ajakohasuse eest. Veebisaidi sisu kasutamine toimub kasutaja enda vastutusel.<\/p>\n\n\n\n<p>1. v\u00e4lised lingid:<br>V\u00e4lislinkide puhul, mis viivad kolmandate isikute veebisaitidele (\"v\u00e4lised lingid\"), vastutab nende veebisaitide eest nende operaator. V\u00e4lislinkide esmakordsel loomisel kontrollis teenusepakkuja v\u00e4list sisu \u00f5igusrikkumiste suhtes. Sel ajal ei ilmnenud \u00fchtegi \u00f5igusrikkumist. Teenusepakkuja ei m\u00f5juta lingitud lehek\u00fclgede praegust ja tulevast kujundust ega sisu. V\u00e4lislinkide lisamine ei t\u00e4henda, et teenusepakkuja v\u00f5tab viite v\u00f5i lingi taga oleva sisu enda omaks. Teenusepakkuja ei ole m\u00f5istlik pidevalt j\u00e4lgida v\u00e4liseid linke, ilma et oleks konkreetseid viiteid \u00f5igusrikkumistele. Kui aga \u00f5igusrikkumised saavad teatavaks, kustutatakse sellised v\u00e4lised lingid viivitamata.<\/p>\n\n\n\n<p>2. autori\u00f5igus ja kaasnevad autori\u00f5igused | \u00a9 autori\u00f5igus:<br>Sellel veebisaidil avaldatud sisu suhtes kohaldatakse Saksamaa autori\u00f5igust ja autori\u00f5iguse lisaseadust. Igasugune kasutamine, mis ei ole lubatud Saksa autori\u00f5iguse ja autori\u00f5iguse lisaseadusega, n\u00f5uab teenusepakkuja v\u00f5i vastava \u00f5iguste omaniku eelnevat kirjalikku n\u00f5usolekut. See kehtib eelk\u00f5ige sisu kopeerimise, redigeerimise, t\u00f5lkimise, salvestamise, t\u00f6\u00f6tlemise v\u00f5i reprodutseerimise kohta andmebaasides v\u00f5i muudes elektroonilistes andmekandjates ja s\u00fcsteemides. \u00dcksikute sisu v\u00f5i terviklike lehek\u00fclgede loata reprodutseerimine v\u00f5i edastamine on keelatud ja karistatav. Lubatud on ainult koopiate valmistamine ja allalaadimine isiklikuks, isiklikuks ja mittekaubanduslikuks kasutamiseks. K\u00e4esoleva veebilehe kuvamine v\u00e4lisraamides on lubatud ainult kirjaliku loaga.<\/p>\n\n\n\n<p>3. andmekaitse<br>Teenusepakkuja veebisaidi k\u00fclastamisel v\u00f5idakse salvestada teavet k\u00fclastuse kohta (kuup\u00e4ev, kellaaeg, vaadatud lehek\u00fclg). Need andmed ei kuulu isikuandmete hulka, vaid on anon\u00fc\u00fcmsed. Neid hinnatakse ainult statistilistel eesm\u00e4rkidel. Neid ei edastata kolmandatele isikutele \u00e4rilistel v\u00f5i mittekaubanduslikel eesm\u00e4rkidel. Teenusepakkuja juhib selges\u00f5naliselt t\u00e4helepanu sellele, et andmete edastamine Internetis (nt side e-posti teel) allub turvaaukudele ja seda ei saa t\u00e4ielikult kaitsta kolmandate isikute juurdep\u00e4\u00e4su eest.<\/p>\n\n\n\n<p>J\u00e4ljendi kontaktandmete kasutamine kommertsreklaamiks on s\u00f5naselgelt keelatud, v\u00e4lja arvatud juhul, kui teenusepakkuja on andnud eelneva kirjaliku n\u00f5usoleku v\u00f5i kui \u00e4risuhe on juba olemas. Teenusepakkuja ja k\u00f5ik sellel veebisaidil nimetatud isikud on k\u00e4esolevaga vastu nende andmete \u00e4rilisele kasutamisele ja avalikustamisele.<\/p>\n\n\n\n<p>4. erilised kasutustingimused<br>Kui k\u00e4esoleva veebisaidi \u00fcksikute kasutusviiside eritingimused erinevad eelnimetatud numbritest 1-4, m\u00e4rgitakse see selges\u00f5naliselt asjakohases kohas. Sellisel juhul kehtivad vastaval \u00fcksikjuhul erilised kasutustingimused.<\/p>\n\n\n\n<p>Neshio on kaubam\u00e4rk:<\/p>\n\n\n\n<p>Fadime Guel | 81735 M\u00fcnchen | Saksamaa<br>Email: info@neshio.de<\/p>\n\n\n\n<p><\/p>\n\n\n\n<p><strong>Alternatiivne vaidluste lahendamine:<\/strong><\/p>\n\n\n\n<p>Euroopa Komisjon pakub platvormi vaidluste kohtuv\u00e4liseks veebip\u00f5hiseks lahendamiseks (ODR platvorm), mis on k\u00e4ttesaadav aadressil&nbsp;<a href=\"https:\/\/ec.europa.eu\/odr\" target=\"_blank\" rel=\"noreferrer noopener\">https:\/\/ec.europa.eu\/odr<\/a>.<\/p>\n\n\n\n<p>K\u00e4ibemaksu ID nr: DE308046984<\/p>","protected":false},"excerpt":{"rendered":"<p>HaftungsausschlussDie Inhalte dieser Website werden mit gr\u00f6\u00dftm\u00f6glicher Sorgfalt erstellt. Laduti \u00fcbernimmt jedoch keine Gew\u00e4hr f\u00fcr die Richtigkeit, Vollst\u00e4ndigkeit und Aktualit\u00e4t [&hellip;]<\/p>\n","protected":false},"author":1,"featured_media":0,"parent":0,"menu_order":0,"comment_status":"closed","ping_status":"closed","template":"","meta":{"_acf_changed":false,"_uag_custom_page_level_css":"","site-sidebar-layout":"default","site-content-layout":"default","ast-site-content-layout":"default","site-content-style":"default","site-sidebar-style":"default","ast-global-header-display":"","ast-banner-title-visibility":"","ast-main-header-display":"","ast-hfb-above-header-display":"","ast-hfb-below-header-display":"","ast-hfb-mobile-header-display":"","site-post-title":"","ast-breadcrumbs-content":"","ast-featured-img":"","footer-sml-layout":"","ast-disable-related-posts":"","theme-transparent-header-meta":"default","adv-header-id-meta":"","stick-header-meta":"default","header-above-stick-meta":"","header-main-stick-meta":"","header-below-stick-meta":"","astra-migrate-meta-layouts":"default","ast-page-background-enabled":"default","ast-page-background-meta":{"desktop":{"background-color":"","background-image":"","background-repeat":"repeat","background-position":"center center","background-size":"auto","background-attachment":"scroll","background-type":"","background-media":"","overlay-type":"","overlay-color":"","overlay-opacity":"","overlay-gradient":""},"tablet":{"background-color":"","background-image":"","background-repeat":"repeat","background-position":"center center","background-size":"auto","background-attachment":"scroll","background-type":"","background-media":"","overlay-type":"","overlay-color":"","overlay-opacity":"","overlay-gradient":""},"mobile":{"background-color":"","background-image":"","background-repeat":"repeat","background-position":"center center","background-size":"auto","background-attachment":"scroll","background-type":"","background-media":"","overlay-type":"","overlay-color":"","overlay-opacity":"","overlay-gradient":""}},"ast-content-background-meta":{"desktop":{"background-color":"var(--ast-global-color-5)","background-image":"","background-repeat":"repeat","background-position":"center center","background-size":"auto","background-attachment":"scroll","background-type":"","background-media":"","overlay-type":"","overlay-color":"","overlay-opacity":"","overlay-gradient":""},"tablet":{"background-color":"var(--ast-global-color-5)","background-image":"","background-repeat":"repeat","background-position":"center center","background-size":"auto","background-attachment":"scroll","background-type":"","background-media":"","overlay-type":"","overlay-color":"","overlay-opacity":"","overlay-gradient":""},"mobile":{"background-color":"var(--ast-global-color-5)","background-image":"","background-repeat":"repeat","background-position":"center center","background-size":"auto","background-attachment":"scroll","background-type":"","background-media":"","overlay-type":"","overlay-color":"","overlay-opacity":"","overlay-gradient":""}},"footnotes":""},"class_list":["post-41","page","type-page","status-publish","hentry"],"acf":[],"yoast_head":"<!-- This site is optimized with the Yoast SEO Premium plugin v20.12 (Yoast SEO v27.3) - https:\/\/yoast.com\/product\/yoast-seo-premium-wordpress\/ -->\n<title>Impressum - NESHIO<\/title>\n<meta name=\"robots\" content=\"noindex, nofollow\" \/>\n<meta property=\"og:locale\" content=\"et_EE\" \/>\n<meta property=\"og:type\" content=\"article\" \/>\n<meta property=\"og:title\" content=\"Impressum\" \/>\n<meta property=\"og:description\" content=\"HaftungsausschlussDie Inhalte dieser Website werden mit gr\u00f6\u00dftm\u00f6glicher Sorgfalt erstellt. Laduti \u00fcbernimmt jedoch keine Gew\u00e4hr f\u00fcr die Richtigkeit, Vollst\u00e4ndigkeit und Aktualit\u00e4t [&hellip;]\" \/>\n<meta property=\"og:url\" content=\"https:\/\/neshio.de\/et\/jaeljend\/\" \/>\n<meta property=\"og:site_name\" content=\"NESHIO\" \/>\n<meta property=\"article:publisher\" content=\"https:\/\/www.facebook.com\/Neshio.Official\" \/>\n<meta property=\"article:modified_time\" content=\"2023-07-31T05:38:04+00:00\" \/>\n<meta name=\"twitter:card\" content=\"summary_large_image\" \/>\n<meta name=\"twitter:label1\" content=\"Est. reading time\" \/>\n\t<meta name=\"twitter:data1\" content=\"3 minutit\" \/>\n<script type=\"application\/ld+json\" class=\"yoast-schema-graph\">{\"@context\":\"https:\\\/\\\/schema.org\",\"@graph\":[{\"@type\":\"WebPage\",\"@id\":\"https:\\\/\\\/neshio.de\\\/impressum\\\/\",\"url\":\"https:\\\/\\\/neshio.de\\\/impressum\\\/\",\"name\":\"Impressum - NESHIO\",\"isPartOf\":{\"@id\":\"https:\\\/\\\/neshio.de\\\/#website\"},\"datePublished\":\"2021-04-27T13:23:33+00:00\",\"dateModified\":\"2023-07-31T05:38:04+00:00\",\"breadcrumb\":{\"@id\":\"https:\\\/\\\/neshio.de\\\/impressum\\\/#breadcrumb\"},\"inLanguage\":\"et\",\"potentialAction\":[{\"@type\":\"ReadAction\",\"target\":[\"https:\\\/\\\/neshio.de\\\/impressum\\\/\"]}]},{\"@type\":\"BreadcrumbList\",\"@id\":\"https:\\\/\\\/neshio.de\\\/impressum\\\/#breadcrumb\",\"itemListElement\":[{\"@type\":\"ListItem\",\"position\":1,\"name\":\"NESHIO\",\"item\":\"https:\\\/\\\/neshio.de\\\/\"},{\"@type\":\"ListItem\",\"position\":2,\"name\":\"Impressum\"}]},{\"@type\":\"WebSite\",\"@id\":\"https:\\\/\\\/neshio.de\\\/#website\",\"url\":\"https:\\\/\\\/neshio.de\\\/\",\"name\":\"NESHIO\",\"description\":\"Beauty und Gesundheit\",\"publisher\":{\"@id\":\"https:\\\/\\\/neshio.de\\\/#organization\"},\"potentialAction\":[{\"@type\":\"SearchAction\",\"target\":{\"@type\":\"EntryPoint\",\"urlTemplate\":\"https:\\\/\\\/neshio.de\\\/?s={search_term_string}\"},\"query-input\":{\"@type\":\"PropertyValueSpecification\",\"valueRequired\":true,\"valueName\":\"search_term_string\"}}],\"inLanguage\":\"et\"},{\"@type\":\"Organization\",\"@id\":\"https:\\\/\\\/neshio.de\\\/#organization\",\"name\":\"NESHIO\",\"url\":\"https:\\\/\\\/neshio.de\\\/\",\"logo\":{\"@type\":\"ImageObject\",\"inLanguage\":\"et\",\"@id\":\"https:\\\/\\\/neshio.de\\\/#\\\/schema\\\/logo\\\/image\\\/\",\"url\":\"https:\\\/\\\/neshio.de\\\/wp-content\\\/uploads\\\/2021\\\/04\\\/Neshio-Logo.png\",\"contentUrl\":\"https:\\\/\\\/neshio.de\\\/wp-content\\\/uploads\\\/2021\\\/04\\\/Neshio-Logo.png\",\"width\":247,\"height\":46,\"caption\":\"NESHIO\"},\"image\":{\"@id\":\"https:\\\/\\\/neshio.de\\\/#\\\/schema\\\/logo\\\/image\\\/\"},\"sameAs\":[\"https:\\\/\\\/www.facebook.com\\\/Neshio.Official\",\"https:\\\/\\\/www.instagram.com\\\/neshio_official\\\/\"]}]}<\/script>\n<!-- \/ Yoast SEO Premium plugin. -->","yoast_head_json":{"title":"Impressum - NESHIO","robots":{"index":"noindex","follow":"nofollow"},"og_locale":"et_EE","og_type":"article","og_title":"Impressum","og_description":"HaftungsausschlussDie Inhalte dieser Website werden mit gr\u00f6\u00dftm\u00f6glicher Sorgfalt erstellt. Laduti \u00fcbernimmt jedoch keine Gew\u00e4hr f\u00fcr die Richtigkeit, Vollst\u00e4ndigkeit und Aktualit\u00e4t [&hellip;]","og_url":"https:\/\/neshio.de\/et\/jaeljend\/","og_site_name":"NESHIO","article_publisher":"https:\/\/www.facebook.com\/Neshio.Official","article_modified_time":"2023-07-31T05:38:04+00:00","twitter_card":"summary_large_image","twitter_misc":{"Est. reading time":"3 minutit"},"schema":{"@context":"https:\/\/schema.org","@graph":[{"@type":"WebPage","@id":"https:\/\/neshio.de\/impressum\/","url":"https:\/\/neshio.de\/impressum\/","name":"Impressum - NESHIO","isPartOf":{"@id":"https:\/\/neshio.de\/#website"},"datePublished":"2021-04-27T13:23:33+00:00","dateModified":"2023-07-31T05:38:04+00:00","breadcrumb":{"@id":"https:\/\/neshio.de\/impressum\/#breadcrumb"},"inLanguage":"et","potentialAction":[{"@type":"ReadAction","target":["https:\/\/neshio.de\/impressum\/"]}]},{"@type":"BreadcrumbList","@id":"https:\/\/neshio.de\/impressum\/#breadcrumb","itemListElement":[{"@type":"ListItem","position":1,"name":"NESHIO","item":"https:\/\/neshio.de\/"},{"@type":"ListItem","position":2,"name":"Impressum"}]},{"@type":"WebSite","@id":"https:\/\/neshio.de\/#website","url":"https:\/\/neshio.de\/","name":"NESHIO","description":"Ilu ja tervis","publisher":{"@id":"https:\/\/neshio.de\/#organization"},"potentialAction":[{"@type":"SearchAction","target":{"@type":"EntryPoint","urlTemplate":"https:\/\/neshio.de\/?s={search_term_string}"},"query-input":{"@type":"PropertyValueSpecification","valueRequired":true,"valueName":"search_term_string"}}],"inLanguage":"et"},{"@type":"Organization","@id":"https:\/\/neshio.de\/#organization","name":"NESHIO","url":"https:\/\/neshio.de\/","logo":{"@type":"ImageObject","inLanguage":"et","@id":"https:\/\/neshio.de\/#\/schema\/logo\/image\/","url":"https:\/\/neshio.de\/wp-content\/uploads\/2021\/04\/Neshio-Logo.png","contentUrl":"https:\/\/neshio.de\/wp-content\/uploads\/2021\/04\/Neshio-Logo.png","width":247,"height":46,"caption":"NESHIO"},"image":{"@id":"https:\/\/neshio.de\/#\/schema\/logo\/image\/"},"sameAs":["https:\/\/www.facebook.com\/Neshio.Official","https:\/\/www.instagram.com\/neshio_official\/"]}]}},"uagb_featured_image_src":{"full":false,"thumbnail":false,"medium":false,"medium_large":false,"large":false,"1536x1536":false,"2048x2048":false,"trp-custom-language-flag":false},"uagb_author_info":{"display_name":"Neshio","author_link":"https:\/\/neshio.de\/et\/author\/kerem085\/"},"uagb_comment_info":0,"uagb_excerpt":"HaftungsausschlussDie Inhalte dieser Website werden mit gr\u00f6\u00dftm\u00f6glicher Sorgfalt erstellt. Laduti \u00fcbernimmt jedoch keine Gew\u00e4hr f\u00fcr die Richtigkeit, Vollst\u00e4ndigkeit und Aktualit\u00e4t [&hellip;]","_links":{"self":[{"href":"https:\/\/neshio.de\/et\/wp-json\/wp\/v2\/pages\/41","targetHints":{"allow":["GET"]}}],"collection":[{"href":"https:\/\/neshio.de\/et\/wp-json\/wp\/v2\/pages"}],"about":[{"href":"https:\/\/neshio.de\/et\/wp-json\/wp\/v2\/types\/page"}],"author":[{"embeddable":true,"href":"https:\/\/neshio.de\/et\/wp-json\/wp\/v2\/users\/1"}],"replies":[{"embeddable":true,"href":"https:\/\/neshio.de\/et\/wp-json\/wp\/v2\/comments?post=41"}],"version-history":[{"count":6,"href":"https:\/\/neshio.de\/et\/wp-json\/wp\/v2\/pages\/41\/revisions"}],"predecessor-version":[{"id":420,"href":"https:\/\/neshio.de\/et\/wp-json\/wp\/v2\/pages\/41\/revisions\/420"}],"wp:attachment":[{"href":"https:\/\/neshio.de\/et\/wp-json\/wp\/v2\/media?parent=41"}],"curies":[{"name":"wp","href":"https:\/\/api.w.org\/{rel}","templated":true}]}}