{"id":41,"date":"2021-04-27T13:23:33","date_gmt":"2021-04-27T13:23:33","guid":{"rendered":"https:\/\/neshio.de\/?page_id=41"},"modified":"2023-07-31T05:38:04","modified_gmt":"2023-07-31T05:38:04","slug":"impressum","status":"publish","type":"page","link":"https:\/\/neshio.de\/cs\/otisk\/","title":{"rendered":"Otisk"},"content":{"rendered":"<p><strong>Odm\u00edtnut\u00ed odpov\u011bdnosti<br><\/strong>Obsah t\u011bchto webov\u00fdch str\u00e1nek je vytvo\u0159en s maxim\u00e1ln\u00ed mo\u017enou p\u00e9\u010d\u00ed. Spole\u010dnost Laduti v\u0161ak nep\u0159eb\u00edr\u00e1 \u017e\u00e1dnou odpov\u011bdnost za spr\u00e1vnost, \u00faplnost a aktu\u00e1lnost poskytovan\u00e9ho obsahu. Pou\u017e\u00edv\u00e1n\u00ed obsahu webov\u00fdch str\u00e1nek je na vlastn\u00ed nebezpe\u010d\u00ed u\u017eivatele.<\/p>\n\n\n\n<p>1. extern\u00ed odkazy:<br>V p\u0159\u00edpad\u011b extern\u00edch odkaz\u016f na webov\u00e9 str\u00e1nky t\u0159et\u00edch stran (d\u00e1le jen \"extern\u00ed odkazy\") nesou za tyto str\u00e1nky odpov\u011bdnost jejich provozovatel\u00e9. P\u0159i prvn\u00edm vytvo\u0159en\u00ed extern\u00edch odkaz\u016f poskytovatel zkontroloval, zda extern\u00ed obsah neporu\u0161uje pr\u00e1vn\u00ed p\u0159edpisy. V t\u00e9 dob\u011b nebylo zji\u0161t\u011bno \u017e\u00e1dn\u00e9 poru\u0161en\u00ed pr\u00e1vn\u00edch p\u0159edpis\u016f. Poskytovatel nem\u00e1 \u017e\u00e1dn\u00fd vliv na sou\u010dasnou a budouc\u00ed podobu a obsah odkazovan\u00fdch str\u00e1nek. Za\u0159azen\u00ed extern\u00edch odkaz\u016f neznamen\u00e1, \u017ee poskytovatel p\u0159ij\u00edm\u00e1 obsah, kter\u00fd se za odkazem nebo linkem skr\u00fdv\u00e1, za sv\u016fj. Nen\u00ed \u00fa\u010deln\u00e9, aby poskytovatel neust\u00e1le sledoval extern\u00ed odkazy bez konkr\u00e9tn\u00edch indici\u00ed o poru\u0161en\u00ed pr\u00e1vn\u00edch p\u0159edpis\u016f. Pokud se v\u0161ak dozv\u00ed o poru\u0161en\u00ed pr\u00e1vn\u00edch p\u0159edpis\u016f, budou takov\u00e9 extern\u00ed odkazy neprodlen\u011b odstran\u011bny.<\/p>\n\n\n\n<p>2. autorsk\u00e1 pr\u00e1va a vedlej\u0161\u00ed autorsk\u00e1 pr\u00e1va | \u00a9 copyright:<br>Obsah zve\u0159ejn\u011bn\u00fd na t\u011bchto webov\u00fdch str\u00e1nk\u00e1ch podl\u00e9h\u00e1 n\u011bmeck\u00e9mu autorsk\u00e9mu pr\u00e1vu a vedlej\u0161\u00edm autorsk\u00fdm pr\u00e1v\u016fm. Jak\u00e9koli pou\u017eit\u00ed, kter\u00e9 nen\u00ed povoleno n\u011bmeck\u00fdm autorsk\u00fdm pr\u00e1vem a vedlej\u0161\u00edmi autorsk\u00fdmi pr\u00e1vy, vy\u017eaduje p\u0159edchoz\u00ed p\u00edsemn\u00fd souhlas poskytovatele nebo p\u0159\u00edslu\u0161n\u00e9ho dr\u017eitele pr\u00e1v. To plat\u00ed zejm\u00e9na pro kop\u00edrov\u00e1n\u00ed, \u00fapravu, p\u0159eklad, ukl\u00e1d\u00e1n\u00ed, zpracov\u00e1n\u00ed nebo reprodukci obsahu v datab\u00e1z\u00edch nebo jin\u00fdch elektronick\u00fdch m\u00e9di\u00edch a syst\u00e9mech. Neopr\u00e1vn\u011bn\u00e1 reprodukce nebo p\u0159enos jednotliv\u00fdch obsah\u016f nebo cel\u00fdch str\u00e1nek nen\u00ed povolena a je trestn\u00e1. Povoleno je pouze vytv\u00e1\u0159en\u00ed kopi\u00ed a stahov\u00e1n\u00ed pro osobn\u00ed, soukrom\u00e9 a nekomer\u010dn\u00ed pou\u017eit\u00ed. Zobrazov\u00e1n\u00ed t\u011bchto webov\u00fdch str\u00e1nek v extern\u00edch r\u00e1mech je povoleno pouze s p\u00edsemn\u00fdm souhlasem.<\/p>\n\n\n\n<p>3. ochrana \u00fadaj\u016f<br>P\u0159i n\u00e1v\u0161t\u011bv\u011b webov\u00fdch str\u00e1nek poskytovatele mohou b\u00fdt ulo\u017eeny informace o p\u0159\u00edstupu (datum, \u010das, zobrazen\u00e1 str\u00e1nka). Tyto \u00fadaje nepat\u0159\u00ed mezi osobn\u00ed \u00fadaje, ale jsou anonymizovan\u00e9. Jsou vyhodnocov\u00e1ny v\u00fdhradn\u011b pro statistick\u00e9 \u00fa\u010dely. Nejsou p\u0159ed\u00e1v\u00e1ny t\u0159et\u00edm stran\u00e1m pro komer\u010dn\u00ed nebo nekomer\u010dn\u00ed \u00fa\u010dely. Poskytovatel v\u00fdslovn\u011b upozor\u0148uje, \u017ee p\u0159enos dat na internetu (nap\u0159. komunikace prost\u0159ednictv\u00edm e-mailu) podl\u00e9h\u00e1 bezpe\u010dnostn\u00edm slabin\u00e1m a nelze jej zcela ochr\u00e1nit p\u0159ed p\u0159\u00edstupem t\u0159et\u00edch stran.<\/p>\n\n\n\n<p>Pou\u017eit\u00ed kontaktn\u00edch \u00fadaj\u016f v otisku pro komer\u010dn\u00ed reklamu nen\u00ed v\u00fdslovn\u011b \u017e\u00e1douc\u00ed, pokud k tomu poskytovatel nedal p\u0159edchoz\u00ed p\u00edsemn\u00fd souhlas nebo pokud ji\u017e existuje obchodn\u00ed vztah. Poskytovatel a v\u0161echny osoby uveden\u00e9 na t\u00e9to webov\u00e9 str\u00e1nce t\u00edmto vyjad\u0159uj\u00ed nesouhlas s jak\u00fdmkoli komer\u010dn\u00edm vyu\u017eit\u00edm a zve\u0159ejn\u011bn\u00edm sv\u00fdch \u00fadaj\u016f.<\/p>\n\n\n\n<p>4. zvl\u00e1\u0161tn\u00ed podm\u00ednky pou\u017e\u00edv\u00e1n\u00ed<br>Pokud se zvl\u00e1\u0161tn\u00ed podm\u00ednky pro jednotliv\u00e1 pou\u017eit\u00ed t\u00e9to webov\u00e9 str\u00e1nky odchyluj\u00ed od v\u00fd\u0161e uveden\u00fdch \u010d\u00edsel 1. a\u017e 4., bude to v\u00fdslovn\u011b uvedeno na p\u0159\u00edslu\u0161n\u00e9m m\u00edst\u011b. V takov\u00e9m p\u0159\u00edpad\u011b se v p\u0159\u00edslu\u0161n\u00e9m individu\u00e1ln\u00edm p\u0159\u00edpad\u011b pou\u017eij\u00ed zvl\u00e1\u0161tn\u00ed podm\u00ednky pou\u017e\u00edv\u00e1n\u00ed.<\/p>\n\n\n\n<p>Neshio je zna\u010dka spole\u010dnosti:<\/p>\n\n\n\n<p>Fadime Guel | 81735 Mnichov | N\u011bmecko<br>Email: info@neshio.de<\/p>\n\n\n\n<p><\/p>\n\n\n\n<p><strong>Alternativn\u00ed \u0159e\u0161en\u00ed spor\u016f:<\/strong><\/p>\n\n\n\n<p>Evropsk\u00e1 komise poskytuje platformu pro mimosoudn\u00ed \u0159e\u0161en\u00ed spor\u016f online (platforma ODR), kter\u00e1 je k dispozici na adrese&nbsp;<a href=\"https:\/\/ec.europa.eu\/odr\" target=\"_blank\" rel=\"noreferrer noopener\">https:\/\/ec.europa.eu\/odr<\/a>.<\/p>\n\n\n\n<p>DI\u010c: DE308046984<\/p>","protected":false},"excerpt":{"rendered":"<p>HaftungsausschlussDie Inhalte dieser Website werden mit gr\u00f6\u00dftm\u00f6glicher Sorgfalt erstellt. Laduti \u00fcbernimmt jedoch keine Gew\u00e4hr f\u00fcr die Richtigkeit, Vollst\u00e4ndigkeit und Aktualit\u00e4t [&hellip;]<\/p>\n","protected":false},"author":1,"featured_media":0,"parent":0,"menu_order":0,"comment_status":"closed","ping_status":"closed","template":"","meta":{"_acf_changed":false,"_uag_custom_page_level_css":"","site-sidebar-layout":"default","site-content-layout":"default","ast-site-content-layout":"default","site-content-style":"default","site-sidebar-style":"default","ast-global-header-display":"","ast-banner-title-visibility":"","ast-main-header-display":"","ast-hfb-above-header-display":"","ast-hfb-below-header-display":"","ast-hfb-mobile-header-display":"","site-post-title":"","ast-breadcrumbs-content":"","ast-featured-img":"","footer-sml-layout":"","ast-disable-related-posts":"","theme-transparent-header-meta":"default","adv-header-id-meta":"","stick-header-meta":"default","header-above-stick-meta":"","header-main-stick-meta":"","header-below-stick-meta":"","astra-migrate-meta-layouts":"default","ast-page-background-enabled":"default","ast-page-background-meta":{"desktop":{"background-color":"","background-image":"","background-repeat":"repeat","background-position":"center center","background-size":"auto","background-attachment":"scroll","background-type":"","background-media":"","overlay-type":"","overlay-color":"","overlay-opacity":"","overlay-gradient":""},"tablet":{"background-color":"","background-image":"","background-repeat":"repeat","background-position":"center center","background-size":"auto","background-attachment":"scroll","background-type":"","background-media":"","overlay-type":"","overlay-color":"","overlay-opacity":"","overlay-gradient":""},"mobile":{"background-color":"","background-image":"","background-repeat":"repeat","background-position":"center center","background-size":"auto","background-attachment":"scroll","background-type":"","background-media":"","overlay-type":"","overlay-color":"","overlay-opacity":"","overlay-gradient":""}},"ast-content-background-meta":{"desktop":{"background-color":"var(--ast-global-color-5)","background-image":"","background-repeat":"repeat","background-position":"center center","background-size":"auto","background-attachment":"scroll","background-type":"","background-media":"","overlay-type":"","overlay-color":"","overlay-opacity":"","overlay-gradient":""},"tablet":{"background-color":"var(--ast-global-color-5)","background-image":"","background-repeat":"repeat","background-position":"center center","background-size":"auto","background-attachment":"scroll","background-type":"","background-media":"","overlay-type":"","overlay-color":"","overlay-opacity":"","overlay-gradient":""},"mobile":{"background-color":"var(--ast-global-color-5)","background-image":"","background-repeat":"repeat","background-position":"center center","background-size":"auto","background-attachment":"scroll","background-type":"","background-media":"","overlay-type":"","overlay-color":"","overlay-opacity":"","overlay-gradient":""}},"footnotes":""},"class_list":["post-41","page","type-page","status-publish","hentry"],"acf":[],"yoast_head":"<!-- This site is optimized with the Yoast SEO Premium plugin v20.12 (Yoast SEO v27.4) - https:\/\/yoast.com\/product\/yoast-seo-premium-wordpress\/ -->\n<title>Impressum - NESHIO<\/title>\n<meta name=\"robots\" content=\"noindex, nofollow\" \/>\n<meta property=\"og:locale\" content=\"cs_CZ\" \/>\n<meta property=\"og:type\" content=\"article\" \/>\n<meta property=\"og:title\" content=\"Impressum\" \/>\n<meta property=\"og:description\" content=\"HaftungsausschlussDie Inhalte dieser Website werden mit gr\u00f6\u00dftm\u00f6glicher Sorgfalt erstellt. Laduti \u00fcbernimmt jedoch keine Gew\u00e4hr f\u00fcr die Richtigkeit, Vollst\u00e4ndigkeit und Aktualit\u00e4t [&hellip;]\" \/>\n<meta property=\"og:url\" content=\"https:\/\/neshio.de\/cs\/otisk\/\" \/>\n<meta property=\"og:site_name\" content=\"NESHIO\" \/>\n<meta property=\"article:publisher\" content=\"https:\/\/www.facebook.com\/Neshio.Official\" \/>\n<meta property=\"article:modified_time\" content=\"2023-07-31T05:38:04+00:00\" \/>\n<meta name=\"twitter:card\" content=\"summary_large_image\" \/>\n<meta name=\"twitter:label1\" content=\"Odhadovan\u00e1 doba \u010dten\u00ed\" \/>\n\t<meta name=\"twitter:data1\" content=\"3 minuty\" \/>\n<script type=\"application\/ld+json\" class=\"yoast-schema-graph\">{\"@context\":\"https:\\\/\\\/schema.org\",\"@graph\":[{\"@type\":\"WebPage\",\"@id\":\"https:\\\/\\\/neshio.de\\\/impressum\\\/\",\"url\":\"https:\\\/\\\/neshio.de\\\/impressum\\\/\",\"name\":\"Impressum - NESHIO\",\"isPartOf\":{\"@id\":\"https:\\\/\\\/neshio.de\\\/#website\"},\"datePublished\":\"2021-04-27T13:23:33+00:00\",\"dateModified\":\"2023-07-31T05:38:04+00:00\",\"breadcrumb\":{\"@id\":\"https:\\\/\\\/neshio.de\\\/impressum\\\/#breadcrumb\"},\"inLanguage\":\"cs\",\"potentialAction\":[{\"@type\":\"ReadAction\",\"target\":[\"https:\\\/\\\/neshio.de\\\/impressum\\\/\"]}]},{\"@type\":\"BreadcrumbList\",\"@id\":\"https:\\\/\\\/neshio.de\\\/impressum\\\/#breadcrumb\",\"itemListElement\":[{\"@type\":\"ListItem\",\"position\":1,\"name\":\"NESHIO\",\"item\":\"https:\\\/\\\/neshio.de\\\/\"},{\"@type\":\"ListItem\",\"position\":2,\"name\":\"Impressum\"}]},{\"@type\":\"WebSite\",\"@id\":\"https:\\\/\\\/neshio.de\\\/#website\",\"url\":\"https:\\\/\\\/neshio.de\\\/\",\"name\":\"NESHIO\",\"description\":\"Beauty und Gesundheit\",\"publisher\":{\"@id\":\"https:\\\/\\\/neshio.de\\\/#organization\"},\"potentialAction\":[{\"@type\":\"SearchAction\",\"target\":{\"@type\":\"EntryPoint\",\"urlTemplate\":\"https:\\\/\\\/neshio.de\\\/?s={search_term_string}\"},\"query-input\":{\"@type\":\"PropertyValueSpecification\",\"valueRequired\":true,\"valueName\":\"search_term_string\"}}],\"inLanguage\":\"cs\"},{\"@type\":\"Organization\",\"@id\":\"https:\\\/\\\/neshio.de\\\/#organization\",\"name\":\"NESHIO\",\"url\":\"https:\\\/\\\/neshio.de\\\/\",\"logo\":{\"@type\":\"ImageObject\",\"inLanguage\":\"cs\",\"@id\":\"https:\\\/\\\/neshio.de\\\/#\\\/schema\\\/logo\\\/image\\\/\",\"url\":\"https:\\\/\\\/neshio.de\\\/wp-content\\\/uploads\\\/2021\\\/04\\\/Neshio-Logo.png\",\"contentUrl\":\"https:\\\/\\\/neshio.de\\\/wp-content\\\/uploads\\\/2021\\\/04\\\/Neshio-Logo.png\",\"width\":247,\"height\":46,\"caption\":\"NESHIO\"},\"image\":{\"@id\":\"https:\\\/\\\/neshio.de\\\/#\\\/schema\\\/logo\\\/image\\\/\"},\"sameAs\":[\"https:\\\/\\\/www.facebook.com\\\/Neshio.Official\",\"https:\\\/\\\/www.instagram.com\\\/neshio_official\\\/\"]}]}<\/script>\n<!-- \/ Yoast SEO Premium plugin. -->","yoast_head_json":{"title":"Otisk - NESHIO","robots":{"index":"noindex","follow":"nofollow"},"og_locale":"cs_CZ","og_type":"article","og_title":"Impressum","og_description":"HaftungsausschlussDie Inhalte dieser Website werden mit gr\u00f6\u00dftm\u00f6glicher Sorgfalt erstellt. Laduti \u00fcbernimmt jedoch keine Gew\u00e4hr f\u00fcr die Richtigkeit, Vollst\u00e4ndigkeit und Aktualit\u00e4t [&hellip;]","og_url":"https:\/\/neshio.de\/cs\/otisk\/","og_site_name":"NESHIO","article_publisher":"https:\/\/www.facebook.com\/Neshio.Official","article_modified_time":"2023-07-31T05:38:04+00:00","twitter_card":"summary_large_image","twitter_misc":{"Odhadovan\u00e1 doba \u010dten\u00ed":"3 minuty"},"schema":{"@context":"https:\/\/schema.org","@graph":[{"@type":"WebPage","@id":"https:\/\/neshio.de\/impressum\/","url":"https:\/\/neshio.de\/impressum\/","name":"Otisk - NESHIO","isPartOf":{"@id":"https:\/\/neshio.de\/#website"},"datePublished":"2021-04-27T13:23:33+00:00","dateModified":"2023-07-31T05:38:04+00:00","breadcrumb":{"@id":"https:\/\/neshio.de\/impressum\/#breadcrumb"},"inLanguage":"cs","potentialAction":[{"@type":"ReadAction","target":["https:\/\/neshio.de\/impressum\/"]}]},{"@type":"BreadcrumbList","@id":"https:\/\/neshio.de\/impressum\/#breadcrumb","itemListElement":[{"@type":"ListItem","position":1,"name":"NESHIO","item":"https:\/\/neshio.de\/"},{"@type":"ListItem","position":2,"name":"Impressum"}]},{"@type":"WebSite","@id":"https:\/\/neshio.de\/#website","url":"https:\/\/neshio.de\/","name":"NESHIO","description":"Kr\u00e1sa a zdrav\u00ed","publisher":{"@id":"https:\/\/neshio.de\/#organization"},"potentialAction":[{"@type":"SearchAction","target":{"@type":"EntryPoint","urlTemplate":"https:\/\/neshio.de\/?s={search_term_string}"},"query-input":{"@type":"PropertyValueSpecification","valueRequired":true,"valueName":"search_term_string"}}],"inLanguage":"cs"},{"@type":"Organization","@id":"https:\/\/neshio.de\/#organization","name":"NESHIO","url":"https:\/\/neshio.de\/","logo":{"@type":"ImageObject","inLanguage":"cs","@id":"https:\/\/neshio.de\/#\/schema\/logo\/image\/","url":"https:\/\/neshio.de\/wp-content\/uploads\/2021\/04\/Neshio-Logo.png","contentUrl":"https:\/\/neshio.de\/wp-content\/uploads\/2021\/04\/Neshio-Logo.png","width":247,"height":46,"caption":"NESHIO"},"image":{"@id":"https:\/\/neshio.de\/#\/schema\/logo\/image\/"},"sameAs":["https:\/\/www.facebook.com\/Neshio.Official","https:\/\/www.instagram.com\/neshio_official\/"]}]}},"uagb_featured_image_src":{"full":false,"thumbnail":false,"medium":false,"medium_large":false,"large":false,"1536x1536":false,"2048x2048":false,"trp-custom-language-flag":false},"uagb_author_info":{"display_name":"Neshio","author_link":"https:\/\/neshio.de\/cs\/author\/kerem085\/"},"uagb_comment_info":0,"uagb_excerpt":"HaftungsausschlussDie Inhalte dieser Website werden mit gr\u00f6\u00dftm\u00f6glicher Sorgfalt erstellt. Laduti \u00fcbernimmt jedoch keine Gew\u00e4hr f\u00fcr die Richtigkeit, Vollst\u00e4ndigkeit und Aktualit\u00e4t [&hellip;]","_links":{"self":[{"href":"https:\/\/neshio.de\/cs\/wp-json\/wp\/v2\/pages\/41","targetHints":{"allow":["GET"]}}],"collection":[{"href":"https:\/\/neshio.de\/cs\/wp-json\/wp\/v2\/pages"}],"about":[{"href":"https:\/\/neshio.de\/cs\/wp-json\/wp\/v2\/types\/page"}],"author":[{"embeddable":true,"href":"https:\/\/neshio.de\/cs\/wp-json\/wp\/v2\/users\/1"}],"replies":[{"embeddable":true,"href":"https:\/\/neshio.de\/cs\/wp-json\/wp\/v2\/comments?post=41"}],"version-history":[{"count":6,"href":"https:\/\/neshio.de\/cs\/wp-json\/wp\/v2\/pages\/41\/revisions"}],"predecessor-version":[{"id":420,"href":"https:\/\/neshio.de\/cs\/wp-json\/wp\/v2\/pages\/41\/revisions\/420"}],"wp:attachment":[{"href":"https:\/\/neshio.de\/cs\/wp-json\/wp\/v2\/media?parent=41"}],"curies":[{"name":"wp","href":"https:\/\/api.w.org\/{rel}","templated":true}]}}